{"id":17,"date":"2017-07-12T19:37:46","date_gmt":"2017-07-12T19:37:46","guid":{"rendered":"http:\/\/www.colombiaogilvy.com\/bogotawpp\/?page_id=17"},"modified":"2024-05-24T16:35:58","modified_gmt":"2024-05-24T21:35:58","slug":"inicio","status":"publish","type":"page","link":"https:\/\/www.colombiaogilvy.com\/","title":{"rendered":"Inicio"},"content":{"rendered":"<div id=\"pl-17\"  class=\"panel-layout\" ><div id=\"pg-17-0\"  class=\"panel-grid panel-has-style\" ><div style=\"padding: 50px 0; \" data-overlay=\"true\" class=\"panel-row-style panel-row-style-for-17-0\" ><div id=\"pgc-17-0-0\"  class=\"panel-grid-cell\" ><div id=\"panel-17-0-0-0\" class=\"so-panel widget widget_sow-editor panel-first-child panel-last-child\" data-index=\"0\" ><div style=\"text-align: left;\" id=\"img-ceo-home\" data-title-color=\"#443f3f\" data-headings-color=\"#443f3f\" class=\"panel-widget-style panel-widget-style-for-17-0-0-0\" ><div\n\t\t\t\n\t\t\tclass=\"so-widget-sow-editor so-widget-sow-editor-base\"\n\t\t\t\n\t\t>\n<div class=\"siteorigin-widget-tinymce textwidget\">\n\t<p><img loading=\"lazy\" decoding=\"async\" class=\"wp-image-334 size-medium aligncenter\" src=\"\/wp-content\/uploads\/2019\/05\/MAURICIO-BARRIGA1.jpg\" alt=\"\" width=\"234\" height=\"300\" \/><\/p>\n<p class=\"ceo_tag\" style=\"text-align: center;\"><span class=\"CEO_name\">Mauricio\u00a0Barriga<\/span><span class=\"CEO_id\">CEO Ogilvy Colombia<span style=\"color: #e23f43;\">\/<\/span>Andina<br \/>\nOgilvy Regional Director TCCC Latam<\/span><\/p>\n<\/div>\n<\/div><\/div><\/div><\/div><div id=\"pgc-17-0-1\"  class=\"panel-grid-cell\" ><div id=\"panel-17-0-1-0\" class=\"so-panel widget widget_sow-editor panel-first-child panel-last-child\" data-index=\"1\" ><div style=\"text-align: left;\" id=\"txt-ceo-home\" data-title-color=\"#443f3f\" data-headings-color=\"#443f3f\" class=\"panel-widget-style panel-widget-style-for-17-0-1-0\" ><div\n\t\t\t\n\t\t\tclass=\"so-widget-sow-editor so-widget-sow-editor-base\"\n\t\t\t\n\t\t>\n<div class=\"siteorigin-widget-tinymce textwidget\">\n\t<p><em><span>Estimados colegas y amigos:<\/span><\/em><\/p>\n<p>Este 2017 ha sido un a\u00f1o lleno de muchos cambios, proyectos y nuevos retos. Donde hemos estado cumpliendo con nuestros sue\u00f1os y saliendo victoriosos.<\/p>\n<p>Me siento orgulloso del equipo que somos y lo que hemos conformado a trav\u00e9s de estos a\u00f1os. Por tal motivo tengo el placer de presentarles las nuevas oficinas de OGILVY &amp; MATHER. Un espacio lleno de ilusi\u00f3n en donde seguiremos creciendo<br \/>\ncomo familia, construyendo y fortaleciendo nuestras metas; incentivando el esp\u00edritu creativo y haciendo realidad nuestro compromiso.<\/p>\n<p>Como siempre lo so\u00f1amos, logramos plasmar en cada cent\u00edmetro de este nuevo espacio algo extraordinario, novedoso y m\u00e1gico.<br \/>\nGracias a todos los que de cierta forma apoyaron y aportaron con sus ideas y compromiso a este gran sue\u00f1o, haciendo de OGILVY la empresa que es hoy.<\/p>\n<p>\u00a1Donde los sue\u00f1os se hacen realidad!<\/p>\n<\/div>\n<\/div><\/div><\/div><\/div><\/div><\/div><div id=\"pg-17-1\"  class=\"panel-grid panel-has-style\" ><div class=\"siteorigin-panels-stretch panel-row-style panel-row-style-for-17-1\" style=\"color: #767676;padding: 0px 0; \" id=\"quote-home\" data-stretch-type=\"full\" data-hascolor=\"hascolor\" data-overlay=\"true\" ><div id=\"pgc-17-1-0\"  class=\"panel-grid-cell\" ><div id=\"panel-17-1-0-0\" class=\"so-panel widget widget_sow-editor panel-first-child panel-last-child\" data-index=\"2\" ><div style=\"text-align: left;\" data-title-color=\"#443f3f\" data-headings-color=\"#443f3f\" class=\"panel-widget-style panel-widget-style-for-17-1-0-0\" ><div\n\t\t\t\n\t\t\tclass=\"so-widget-sow-editor so-widget-sow-editor-base\"\n\t\t\t\n\t\t>\n<div class=\"siteorigin-widget-tinymce textwidget\">\n\t<p style=\"text-align: center; color:#ffffff; font-size: 18px;\"><span lang=\"ja\" xml:lang=\"ja\">\u300c<\/span>If each of us hires people who are smaller than we are, we shall become a company of dwarfs. But if each of us hires people who are bigger than we are, we shall become a company of giants. <span lang=\"ja\" xml:lang=\"ja\">\u300d<\/span><br \/>\n<em>David Ogilvy<\/em><\/p>\n<\/div>\n<\/div><\/div><\/div><\/div><\/div><\/div><div id=\"pg-17-2\"  class=\"panel-grid panel-has-style\" ><div style=\"padding: 0px 0; \" id=\"cuerpo-home\" data-overlay=\"true\" class=\"panel-row-style panel-row-style-for-17-2\" ><div id=\"pgc-17-2-0\"  class=\"panel-grid-cell\" ><div id=\"panel-17-2-0-0\" class=\"so-panel widget widget_sow-editor panel-first-child panel-last-child\" data-index=\"3\" ><div class=\"mainSectionColumn panel-widget-style panel-widget-style-for-17-2-0-0\" style=\"text-align: left;\" data-title-color=\"#443f3f\" data-headings-color=\"#443f3f\" ><div\n\t\t\t\n\t\t\tclass=\"so-widget-sow-editor so-widget-sow-editor-base\"\n\t\t\t\n\t\t>\n<div class=\"siteorigin-widget-tinymce textwidget\">\n\t<p><a href=\"http:\/\/www.colombiaogilvy.com\/index.php\/oficinas\/\"><img loading=\"lazy\" decoding=\"async\" class=\"size-medium wp-image-199 aligncenter\" src=\"http:\/\/www.colombiaogilvy.com\/wp-content\/uploads\/2017\/07\/oficinas-2-300x171.jpg\" alt=\"El edificio\" width=\"350\" height=\"171\" \/><\/a><\/p>\n<div class=\"content\">\n<div class=\"title\"><span style=\"text-align: center;\"><a href=\"http:\/\/www.colombiaogilvy.com\/index.php\/oficinas\/\">LIVE Office<\/a><\/span><\/div>\n<p style=\"text-align: center;\">Conoce m\u00e1s aqu\u00ed de los nuevos espacios y entorno de trabajo que tendremos disponibles para nuestro uso diario.<\/p>\n<\/div>\n<\/div>\n<\/div><\/div><\/div><\/div><div id=\"pgc-17-2-1\"  class=\"panel-grid-cell\" ><div id=\"panel-17-2-1-0\" class=\"so-panel widget widget_sow-editor panel-first-child panel-last-child\" data-index=\"4\" ><div class=\"mainSectionColumn panel-widget-style panel-widget-style-for-17-2-1-0\" style=\"text-align: left;\" data-title-color=\"#443f3f\" data-headings-color=\"#443f3f\" ><div\n\t\t\t\n\t\t\tclass=\"so-widget-sow-editor so-widget-sow-editor-base\"\n\t\t\t\n\t\t>\n<div class=\"siteorigin-widget-tinymce textwidget\">\n\t<p><a href=\"http:\/\/www.colombiaogilvy.com\/index.php\/directorio\/\"><img loading=\"lazy\" decoding=\"async\" class=\"alignnone size-medium wp-image-201 aligncenter\" src=\"http:\/\/www.colombiaogilvy.com\/wp-content\/uploads\/2017\/07\/directorios-1-300x171.jpg\" alt=\"\" width=\"350\" height=\"171\" \/><\/a><\/p>\n<div class=\"content\">\n<div class=\"title\"><span style=\"text-align: center;\"><a href=\"http:\/\/www.colombiaogilvy.com\/index.php\/directorio\/\">The Office<\/a><\/span><\/div>\n<p style=\"text-align: center;\">La ubicaci\u00f3n de nuestras nuevas oficinas es ideal. Conoce m\u00e1s aqu\u00ed de todo lo que la zona tiene a nuestra disposici\u00f3n.<\/p>\n<\/div>\n<\/div>\n<\/div><\/div><\/div><\/div><div id=\"pgc-17-2-2\"  class=\"panel-grid-cell\" ><div id=\"panel-17-2-2-0\" class=\"so-panel widget widget_sow-editor panel-first-child panel-last-child\" data-index=\"5\" ><div class=\"mainSectionColumn panel-widget-style panel-widget-style-for-17-2-2-0\" style=\"text-align: left;\" data-title-color=\"#443f3f\" data-headings-color=\"#443f3f\" ><div\n\t\t\t\n\t\t\tclass=\"so-widget-sow-editor so-widget-sow-editor-base\"\n\t\t\t\n\t\t>\n<div class=\"siteorigin-widget-tinymce textwidget\">\n\t<p><a href=\"http:\/\/www.colombiaogilvy.com\/index.php\/normativas\/\"><img loading=\"lazy\" decoding=\"async\" class=\"alignnone size-medium wp-image-201 aligncenter\" src=\"http:\/\/www.colombiaogilvy.com\/wp-content\/uploads\/2017\/07\/normativas-1-300x171.jpg\" alt=\"\" width=\"350\" height=\"171\" \/><\/a><\/p>\n<div class=\"content\">\n<div class=\"title\"><span style=\"text-align: center;\"><a href=\"http:\/\/www.colombiaogilvy.com\/index.php\/normativas\/\">Formatos &amp; Normativa<\/a><\/span><\/div>\n<p style=\"text-align: center;\">Conoce aqu\u00ed las normas que debemos tener en cuenta para nuestro nuevo espacio de trabajo. El cumplimiento de las mismas asegurar\u00e1n seguridad y tranquilidad para todos.<\/p>\n<\/div>\n<\/div>\n<\/div><\/div><\/div><\/div><\/div><\/div><\/div>","protected":false},"excerpt":{"rendered":"<p>Mauricio\u00a0BarrigaCEO Ogilvy Colombia\/Andina Ogilvy Regional Director TCCC Latam Estimados colegas y amigos: Este 2017 ha sido un a\u00f1o lleno de muchos cambios, [&hellip;]<\/p>\n","protected":false},"author":1,"featured_media":0,"parent":0,"menu_order":0,"comment_status":"closed","ping_status":"closed","template":"page-templates\/page_front-page.php","meta":{"footnotes":""},"yoast_head":"<!-- This site is optimized with the Yoast SEO plugin v23.3 - https:\/\/yoast.com\/wordpress\/plugins\/seo\/ -->\n<title>Inicio - Ogilvy Bogot\u00e1<\/title>\n<meta name=\"description\" content=\"Ogilvy &amp; Mather Colombia.\" \/>\n<meta name=\"robots\" content=\"index, follow, max-snippet:-1, max-image-preview:large, max-video-preview:-1\" \/>\n<link rel=\"canonical\" href=\"https:\/\/www.colombiaogilvy.com\/\" \/>\n<meta property=\"og:locale\" content=\"es_ES\" \/>\n<meta property=\"og:type\" content=\"article\" \/>\n<meta property=\"og:title\" content=\"Inicio - Ogilvy Bogot\u00e1\" \/>\n<meta property=\"og:description\" content=\"Ogilvy &amp; Mather Colombia.\" \/>\n<meta property=\"og:url\" content=\"https:\/\/www.colombiaogilvy.com\/\" \/>\n<meta property=\"og:site_name\" content=\"Ogilvy Bogot\u00e1\" \/>\n<meta property=\"article:modified_time\" content=\"2024-05-24T21:35:58+00:00\" \/>\n<meta property=\"og:image\" content=\"http:\/\/www.colombiaogilvy.com\/wp-content\/uploads\/2017\/07\/oficinas-2-300x171.jpg\" \/>\n<meta name=\"twitter:card\" content=\"summary_large_image\" \/>\n<meta name=\"twitter:label1\" content=\"Tiempo de lectura\" \/>\n\t<meta name=\"twitter:data1\" content=\"2 minutos\" \/>\n<script type=\"application\/ld+json\" class=\"yoast-schema-graph\">{\"@context\":\"https:\/\/schema.org\",\"@graph\":[{\"@type\":\"WebPage\",\"@id\":\"https:\/\/www.colombiaogilvy.com\/\",\"url\":\"https:\/\/www.colombiaogilvy.com\/\",\"name\":\"Inicio - Ogilvy Bogot\u00e1\",\"isPartOf\":{\"@id\":\"https:\/\/www.colombiaogilvy.com\/#website\"},\"primaryImageOfPage\":{\"@id\":\"https:\/\/www.colombiaogilvy.com\/#primaryimage\"},\"image\":{\"@id\":\"https:\/\/www.colombiaogilvy.com\/#primaryimage\"},\"thumbnailUrl\":\"http:\/\/www.colombiaogilvy.com\/wp-content\/uploads\/2017\/07\/oficinas-2-300x171.jpg\",\"datePublished\":\"2017-07-12T19:37:46+00:00\",\"dateModified\":\"2024-05-24T21:35:58+00:00\",\"description\":\"Ogilvy & Mather Colombia.\",\"breadcrumb\":{\"@id\":\"https:\/\/www.colombiaogilvy.com\/#breadcrumb\"},\"inLanguage\":\"es\",\"potentialAction\":[{\"@type\":\"ReadAction\",\"target\":[\"https:\/\/www.colombiaogilvy.com\/\"]}]},{\"@type\":\"ImageObject\",\"inLanguage\":\"es\",\"@id\":\"https:\/\/www.colombiaogilvy.com\/#primaryimage\",\"url\":\"http:\/\/www.colombiaogilvy.com\/wp-content\/uploads\/2017\/07\/oficinas-2-300x171.jpg\",\"contentUrl\":\"http:\/\/www.colombiaogilvy.com\/wp-content\/uploads\/2017\/07\/oficinas-2-300x171.jpg\"},{\"@type\":\"BreadcrumbList\",\"@id\":\"https:\/\/www.colombiaogilvy.com\/#breadcrumb\",\"itemListElement\":[{\"@type\":\"ListItem\",\"position\":1,\"name\":\"Portada\",\"item\":\"https:\/\/www.colombiaogilvy.com\/\"},{\"@type\":\"ListItem\",\"position\":2,\"name\":\"Inicio\"}]},{\"@type\":\"WebSite\",\"@id\":\"https:\/\/www.colombiaogilvy.com\/#website\",\"url\":\"https:\/\/www.colombiaogilvy.com\/\",\"name\":\"Ogilvy Bogot\u00e1\",\"description\":\"\",\"potentialAction\":[{\"@type\":\"SearchAction\",\"target\":{\"@type\":\"EntryPoint\",\"urlTemplate\":\"https:\/\/www.colombiaogilvy.com\/?s={search_term_string}\"},\"query-input\":\"required name=search_term_string\"}],\"inLanguage\":\"es\"}]}<\/script>\n<!-- \/ Yoast SEO plugin. -->","yoast_head_json":{"title":"Inicio - Ogilvy Bogot\u00e1","description":"Ogilvy & Mather Colombia.","robots":{"index":"index","follow":"follow","max-snippet":"max-snippet:-1","max-image-preview":"max-image-preview:large","max-video-preview":"max-video-preview:-1"},"canonical":"https:\/\/www.colombiaogilvy.com\/","og_locale":"es_ES","og_type":"article","og_title":"Inicio - Ogilvy Bogot\u00e1","og_description":"Ogilvy & Mather Colombia.","og_url":"https:\/\/www.colombiaogilvy.com\/","og_site_name":"Ogilvy Bogot\u00e1","article_modified_time":"2024-05-24T21:35:58+00:00","og_image":[{"url":"http:\/\/www.colombiaogilvy.com\/wp-content\/uploads\/2017\/07\/oficinas-2-300x171.jpg"}],"twitter_card":"summary_large_image","twitter_misc":{"Tiempo de lectura":"2 minutos"},"schema":{"@context":"https:\/\/schema.org","@graph":[{"@type":"WebPage","@id":"https:\/\/www.colombiaogilvy.com\/","url":"https:\/\/www.colombiaogilvy.com\/","name":"Inicio - Ogilvy Bogot\u00e1","isPartOf":{"@id":"https:\/\/www.colombiaogilvy.com\/#website"},"primaryImageOfPage":{"@id":"https:\/\/www.colombiaogilvy.com\/#primaryimage"},"image":{"@id":"https:\/\/www.colombiaogilvy.com\/#primaryimage"},"thumbnailUrl":"http:\/\/www.colombiaogilvy.com\/wp-content\/uploads\/2017\/07\/oficinas-2-300x171.jpg","datePublished":"2017-07-12T19:37:46+00:00","dateModified":"2024-05-24T21:35:58+00:00","description":"Ogilvy & Mather Colombia.","breadcrumb":{"@id":"https:\/\/www.colombiaogilvy.com\/#breadcrumb"},"inLanguage":"es","potentialAction":[{"@type":"ReadAction","target":["https:\/\/www.colombiaogilvy.com\/"]}]},{"@type":"ImageObject","inLanguage":"es","@id":"https:\/\/www.colombiaogilvy.com\/#primaryimage","url":"http:\/\/www.colombiaogilvy.com\/wp-content\/uploads\/2017\/07\/oficinas-2-300x171.jpg","contentUrl":"http:\/\/www.colombiaogilvy.com\/wp-content\/uploads\/2017\/07\/oficinas-2-300x171.jpg"},{"@type":"BreadcrumbList","@id":"https:\/\/www.colombiaogilvy.com\/#breadcrumb","itemListElement":[{"@type":"ListItem","position":1,"name":"Portada","item":"https:\/\/www.colombiaogilvy.com\/"},{"@type":"ListItem","position":2,"name":"Inicio"}]},{"@type":"WebSite","@id":"https:\/\/www.colombiaogilvy.com\/#website","url":"https:\/\/www.colombiaogilvy.com\/","name":"Ogilvy Bogot\u00e1","description":"","potentialAction":[{"@type":"SearchAction","target":{"@type":"EntryPoint","urlTemplate":"https:\/\/www.colombiaogilvy.com\/?s={search_term_string}"},"query-input":"required name=search_term_string"}],"inLanguage":"es"}]}},"_links":{"self":[{"href":"https:\/\/www.colombiaogilvy.com\/index.php\/wp-json\/wp\/v2\/pages\/17"}],"collection":[{"href":"https:\/\/www.colombiaogilvy.com\/index.php\/wp-json\/wp\/v2\/pages"}],"about":[{"href":"https:\/\/www.colombiaogilvy.com\/index.php\/wp-json\/wp\/v2\/types\/page"}],"author":[{"embeddable":true,"href":"https:\/\/www.colombiaogilvy.com\/index.php\/wp-json\/wp\/v2\/users\/1"}],"replies":[{"embeddable":true,"href":"https:\/\/www.colombiaogilvy.com\/index.php\/wp-json\/wp\/v2\/comments?post=17"}],"version-history":[{"count":167,"href":"https:\/\/www.colombiaogilvy.com\/index.php\/wp-json\/wp\/v2\/pages\/17\/revisions"}],"predecessor-version":[{"id":1564,"href":"https:\/\/www.colombiaogilvy.com\/index.php\/wp-json\/wp\/v2\/pages\/17\/revisions\/1564"}],"wp:attachment":[{"href":"https:\/\/www.colombiaogilvy.com\/index.php\/wp-json\/wp\/v2\/media?parent=17"}],"curies":[{"name":"wp","href":"https:\/\/api.w.org\/{rel}","templated":true}]}}