{"id":52,"date":"2017-07-12T22:08:50","date_gmt":"2017-07-12T22:08:50","guid":{"rendered":"http:\/\/www.colombiaogilvy.com\/bogotawpp\/?page_id=52"},"modified":"2019-05-16T10:13:40","modified_gmt":"2019-05-16T15:13:40","slug":"directorio","status":"publish","type":"page","link":"https:\/\/www.colombiaogilvy.com\/index.php\/directorio\/","title":{"rendered":"Directorio"},"content":{"rendered":"<div id=\"pl-52\"  class=\"panel-layout\" ><div id=\"pg-52-0\"  class=\"panel-grid panel-has-style\" ><div style=\"padding: 0px 0; \" id=\"directorio-logo-container\" data-overlay=\"true\" class=\"panel-row-style panel-row-style-for-52-0\" ><div id=\"pgc-52-0-0\"  class=\"panel-grid-cell\" ><div id=\"panel-52-0-0-0\" class=\"so-panel widget widget_sow-image panel-first-child panel-last-child\" data-index=\"0\" ><div\n\t\t\t\n\t\t\tclass=\"so-widget-sow-image so-widget-sow-image-default-c67d20f9f743-52\"\n\t\t\t\n\t\t>\n\n<div class=\"sow-image-container\">\n\t\t<img loading=\"lazy\" decoding=\"async\" src=\"https:\/\/www.colombiaogilvy.com\/wp-content\/uploads\/2019\/05\/ubicacionicon1-1.png\" width=\"339\" height=\"166\" srcset=\"https:\/\/www.colombiaogilvy.com\/wp-content\/uploads\/2019\/05\/ubicacionicon1-1.png 339w, https:\/\/www.colombiaogilvy.com\/wp-content\/uploads\/2019\/05\/ubicacionicon1-1-300x147.png 300w, https:\/\/www.colombiaogilvy.com\/wp-content\/uploads\/2019\/05\/ubicacionicon1-1-230x113.png 230w\" sizes=\"(max-width: 339px) 100vw, 339px\" title=\"ubicacionicon(1)\" alt=\"\" \t\tclass=\"so-widget-image\"\/>\n\t<\/div>\n\n<\/div><\/div><\/div><\/div><\/div><div id=\"pg-52-1\"  class=\"panel-grid panel-has-style\" ><div style=\"padding: 0px 0; \" id=\"directorio-slider-container\" data-overlay=\"true\" class=\"panel-row-style panel-row-style-for-52-1\" ><div id=\"pgc-52-1-0\"  class=\"panel-grid-cell\" ><div id=\"panel-52-1-0-1\" class=\"so-panel widget widget_sow-editor panel-last-child\" data-index=\"2\" ><div\n\t\t\t\n\t\t\tclass=\"so-widget-sow-editor so-widget-sow-editor-base\"\n\t\t\t\n\t\t>\n<div class=\"siteorigin-widget-tinymce textwidget\">\n\t<h3 style=\"text-align: center;\">DIRECTORIO DE LA ZONA<\/h3>\n<\/div>\n<\/div><\/div><\/div><\/div><\/div><div id=\"pg-52-2\"  class=\"panel-grid panel-has-style\" ><div style=\"padding: 0px 0; \" id=\"directorio-mapa-container\" data-overlay=\"true\" class=\"panel-row-style panel-row-style-for-52-2\" ><div id=\"pgc-52-2-0\"  class=\"panel-grid-cell\" ><div id=\"panel-52-2-0-0\" class=\"widget_text so-panel widget widget_custom_html panel-first-child\" data-index=\"3\" ><div class=\"textwidget custom-html-widget\"><div id=\"contenedor-iframe\">\n<iframe loading=\"lazy\" src=\"https:\/\/www.google.com\/maps\/embed?pb=!1m18!1m12!1m3!1d3976.480371331837!2d-74.04875568584255!3d4.686262996596076!2m3!1f0!2f0!3f0!3m2!1i1024!2i768!4f13.1!3m3!1m2!1s0x0%3A0x0!2zNMKwNDEnMTAuNiJOIDc0wrAwMic0Ny42Ilc!5e0!3m2!1ses-419!2sco!4v1556122956632!5m2!1ses-419!2sco\" width=\"600\" height=\"450\" frameborder=\"0\" style=\"border:0\" allowfullscreen><\/iframe>\n<\/div><\/div><\/div><div id=\"panel-52-2-0-1\" class=\"so-panel widget widget_sow-editor panel-last-child\" data-index=\"4\" ><div\n\t\t\t\n\t\t\tclass=\"so-widget-sow-editor so-widget-sow-editor-base\"\n\t\t\t\n\t\t>\n<div class=\"siteorigin-widget-tinymce textwidget\">\n\t<h3 style=\"text-align: center;\">Ogilvy en Google Maps<\/h3>\n<\/div>\n<\/div><\/div><\/div><\/div><\/div><\/div>","protected":false},"excerpt":{"rendered":"<p>DIRECTORIO DE LA ZONA<\/p>\n","protected":false},"author":1,"featured_media":0,"parent":0,"menu_order":0,"comment_status":"closed","ping_status":"closed","template":"page-templates\/page_fullwidth.php","meta":{"footnotes":""},"yoast_head":"<!-- This site is optimized with the Yoast SEO plugin v23.3 - https:\/\/yoast.com\/wordpress\/plugins\/seo\/ -->\n<title>Directorio - Ogilvy Bogot\u00e1<\/title>\n<meta name=\"description\" content=\"Directorio de la zona: Restaurantes, droguer\u00edas, bancos, transporte, notar\u00edas, hoteles, gimnasios.\" \/>\n<meta name=\"robots\" content=\"index, follow, max-snippet:-1, max-image-preview:large, max-video-preview:-1\" \/>\n<link rel=\"canonical\" href=\"https:\/\/www.colombiaogilvy.com\/index.php\/directorio\/\" \/>\n<meta property=\"og:locale\" content=\"es_ES\" \/>\n<meta property=\"og:type\" content=\"article\" \/>\n<meta property=\"og:title\" content=\"Directorio - Ogilvy Bogot\u00e1\" \/>\n<meta property=\"og:description\" content=\"Directorio de la zona: Restaurantes, droguer\u00edas, bancos, transporte, notar\u00edas, hoteles, gimnasios.\" \/>\n<meta property=\"og:url\" content=\"https:\/\/www.colombiaogilvy.com\/index.php\/directorio\/\" \/>\n<meta property=\"og:site_name\" content=\"Ogilvy Bogot\u00e1\" \/>\n<meta property=\"article:modified_time\" content=\"2019-05-16T15:13:40+00:00\" \/>\n<meta property=\"og:image\" content=\"http:\/\/www.colombiaogilvy.com\/bogotawpp\/wp-content\/uploads\/2019\/05\/ubicacionicon1-1.png\" \/>\n<meta name=\"twitter:card\" content=\"summary_large_image\" \/>\n<script type=\"application\/ld+json\" class=\"yoast-schema-graph\">{\"@context\":\"https:\/\/schema.org\",\"@graph\":[{\"@type\":\"WebPage\",\"@id\":\"https:\/\/www.colombiaogilvy.com\/index.php\/directorio\/\",\"url\":\"https:\/\/www.colombiaogilvy.com\/index.php\/directorio\/\",\"name\":\"Directorio - Ogilvy Bogot\u00e1\",\"isPartOf\":{\"@id\":\"https:\/\/www.colombiaogilvy.com\/#website\"},\"primaryImageOfPage\":{\"@id\":\"https:\/\/www.colombiaogilvy.com\/index.php\/directorio\/#primaryimage\"},\"image\":{\"@id\":\"https:\/\/www.colombiaogilvy.com\/index.php\/directorio\/#primaryimage\"},\"thumbnailUrl\":\"http:\/\/www.colombiaogilvy.com\/bogotawpp\/wp-content\/uploads\/2019\/05\/ubicacionicon1-1.png\",\"datePublished\":\"2017-07-12T22:08:50+00:00\",\"dateModified\":\"2019-05-16T15:13:40+00:00\",\"description\":\"Directorio de la zona: Restaurantes, droguer\u00edas, bancos, transporte, notar\u00edas, hoteles, gimnasios.\",\"breadcrumb\":{\"@id\":\"https:\/\/www.colombiaogilvy.com\/index.php\/directorio\/#breadcrumb\"},\"inLanguage\":\"es\",\"potentialAction\":[{\"@type\":\"ReadAction\",\"target\":[\"https:\/\/www.colombiaogilvy.com\/index.php\/directorio\/\"]}]},{\"@type\":\"ImageObject\",\"inLanguage\":\"es\",\"@id\":\"https:\/\/www.colombiaogilvy.com\/index.php\/directorio\/#primaryimage\",\"url\":\"http:\/\/www.colombiaogilvy.com\/bogotawpp\/wp-content\/uploads\/2019\/05\/ubicacionicon1-1.png\",\"contentUrl\":\"http:\/\/www.colombiaogilvy.com\/bogotawpp\/wp-content\/uploads\/2019\/05\/ubicacionicon1-1.png\"},{\"@type\":\"BreadcrumbList\",\"@id\":\"https:\/\/www.colombiaogilvy.com\/index.php\/directorio\/#breadcrumb\",\"itemListElement\":[{\"@type\":\"ListItem\",\"position\":1,\"name\":\"Portada\",\"item\":\"https:\/\/www.colombiaogilvy.com\/\"},{\"@type\":\"ListItem\",\"position\":2,\"name\":\"Directorio\"}]},{\"@type\":\"WebSite\",\"@id\":\"https:\/\/www.colombiaogilvy.com\/#website\",\"url\":\"https:\/\/www.colombiaogilvy.com\/\",\"name\":\"Ogilvy Bogot\u00e1\",\"description\":\"\",\"potentialAction\":[{\"@type\":\"SearchAction\",\"target\":{\"@type\":\"EntryPoint\",\"urlTemplate\":\"https:\/\/www.colombiaogilvy.com\/?s={search_term_string}\"},\"query-input\":\"required name=search_term_string\"}],\"inLanguage\":\"es\"}]}<\/script>\n<!-- \/ Yoast SEO plugin. -->","yoast_head_json":{"title":"Directorio - Ogilvy Bogot\u00e1","description":"Directorio de la zona: Restaurantes, droguer\u00edas, bancos, transporte, notar\u00edas, hoteles, gimnasios.","robots":{"index":"index","follow":"follow","max-snippet":"max-snippet:-1","max-image-preview":"max-image-preview:large","max-video-preview":"max-video-preview:-1"},"canonical":"https:\/\/www.colombiaogilvy.com\/index.php\/directorio\/","og_locale":"es_ES","og_type":"article","og_title":"Directorio - Ogilvy Bogot\u00e1","og_description":"Directorio de la zona: Restaurantes, droguer\u00edas, bancos, transporte, notar\u00edas, hoteles, gimnasios.","og_url":"https:\/\/www.colombiaogilvy.com\/index.php\/directorio\/","og_site_name":"Ogilvy Bogot\u00e1","article_modified_time":"2019-05-16T15:13:40+00:00","og_image":[{"url":"http:\/\/www.colombiaogilvy.com\/bogotawpp\/wp-content\/uploads\/2019\/05\/ubicacionicon1-1.png"}],"twitter_card":"summary_large_image","schema":{"@context":"https:\/\/schema.org","@graph":[{"@type":"WebPage","@id":"https:\/\/www.colombiaogilvy.com\/index.php\/directorio\/","url":"https:\/\/www.colombiaogilvy.com\/index.php\/directorio\/","name":"Directorio - Ogilvy Bogot\u00e1","isPartOf":{"@id":"https:\/\/www.colombiaogilvy.com\/#website"},"primaryImageOfPage":{"@id":"https:\/\/www.colombiaogilvy.com\/index.php\/directorio\/#primaryimage"},"image":{"@id":"https:\/\/www.colombiaogilvy.com\/index.php\/directorio\/#primaryimage"},"thumbnailUrl":"http:\/\/www.colombiaogilvy.com\/bogotawpp\/wp-content\/uploads\/2019\/05\/ubicacionicon1-1.png","datePublished":"2017-07-12T22:08:50+00:00","dateModified":"2019-05-16T15:13:40+00:00","description":"Directorio de la zona: Restaurantes, droguer\u00edas, bancos, transporte, notar\u00edas, hoteles, gimnasios.","breadcrumb":{"@id":"https:\/\/www.colombiaogilvy.com\/index.php\/directorio\/#breadcrumb"},"inLanguage":"es","potentialAction":[{"@type":"ReadAction","target":["https:\/\/www.colombiaogilvy.com\/index.php\/directorio\/"]}]},{"@type":"ImageObject","inLanguage":"es","@id":"https:\/\/www.colombiaogilvy.com\/index.php\/directorio\/#primaryimage","url":"http:\/\/www.colombiaogilvy.com\/bogotawpp\/wp-content\/uploads\/2019\/05\/ubicacionicon1-1.png","contentUrl":"http:\/\/www.colombiaogilvy.com\/bogotawpp\/wp-content\/uploads\/2019\/05\/ubicacionicon1-1.png"},{"@type":"BreadcrumbList","@id":"https:\/\/www.colombiaogilvy.com\/index.php\/directorio\/#breadcrumb","itemListElement":[{"@type":"ListItem","position":1,"name":"Portada","item":"https:\/\/www.colombiaogilvy.com\/"},{"@type":"ListItem","position":2,"name":"Directorio"}]},{"@type":"WebSite","@id":"https:\/\/www.colombiaogilvy.com\/#website","url":"https:\/\/www.colombiaogilvy.com\/","name":"Ogilvy Bogot\u00e1","description":"","potentialAction":[{"@type":"SearchAction","target":{"@type":"EntryPoint","urlTemplate":"https:\/\/www.colombiaogilvy.com\/?s={search_term_string}"},"query-input":"required name=search_term_string"}],"inLanguage":"es"}]}},"_links":{"self":[{"href":"https:\/\/www.colombiaogilvy.com\/index.php\/wp-json\/wp\/v2\/pages\/52"}],"collection":[{"href":"https:\/\/www.colombiaogilvy.com\/index.php\/wp-json\/wp\/v2\/pages"}],"about":[{"href":"https:\/\/www.colombiaogilvy.com\/index.php\/wp-json\/wp\/v2\/types\/page"}],"author":[{"embeddable":true,"href":"https:\/\/www.colombiaogilvy.com\/index.php\/wp-json\/wp\/v2\/users\/1"}],"replies":[{"embeddable":true,"href":"https:\/\/www.colombiaogilvy.com\/index.php\/wp-json\/wp\/v2\/comments?post=52"}],"version-history":[{"count":49,"href":"https:\/\/www.colombiaogilvy.com\/index.php\/wp-json\/wp\/v2\/pages\/52\/revisions"}],"predecessor-version":[{"id":1349,"href":"https:\/\/www.colombiaogilvy.com\/index.php\/wp-json\/wp\/v2\/pages\/52\/revisions\/1349"}],"wp:attachment":[{"href":"https:\/\/www.colombiaogilvy.com\/index.php\/wp-json\/wp\/v2\/media?parent=52"}],"curies":[{"name":"wp","href":"https:\/\/api.w.org\/{rel}","templated":true}]}}